{"id":885,"date":"2025-10-25T18:43:04","date_gmt":"2025-10-25T15:43:04","guid":{"rendered":"http:\/\/localhost\/liva\/?page_id=885"},"modified":"2026-03-27T02:31:28","modified_gmt":"2026-03-26T23:31:28","slug":"hakkimizda","status":"publish","type":"page","link":"https:\/\/livaakademi.com\/en\/hakkimizda\/","title":{"rendered":"About Us"},"content":{"rendered":"<div data-elementor-type=\"wp-page\" data-elementor-id=\"885\" class=\"elementor elementor-885\">\n\t\t\t\t<div class=\"elementor-element elementor-element-38a96db e-flex e-con-boxed e-con e-parent\" data-id=\"38a96db\" data-element_type=\"container\" data-e-type=\"container\">\n\t\t\t\t\t<div class=\"e-con-inner\">\n\t\t\t\t<div class=\"elementor-element elementor-element-0f96995 elementor-widget elementor-widget-html\" data-id=\"0f96995\" data-element_type=\"widget\" data-e-type=\"widget\" data-widget_type=\"html.default\">\n\t\t\t\t\t<!doctype html>\r\n<html lang=\"tr\">\r\n<head>\r\n<meta charset=\"utf-8\" \/>\r\n<meta name=\"viewport\" content=\"width=device-width, initial-scale=1\" \/>\r\n<title>Liva Akademi | Hakk\u0131m\u0131zda<\/title>\r\n<style>\r\n  :root{\r\n    --bg:#f7f7fb;\r\n    --card:#ffffff;\r\n    --ink:#1f2937;\r\n    --muted:#6b7280;\r\n    --brand:#b41d26;\r\n  }\r\n  *{box-sizing:border-box}\r\n  body{\r\n    margin:0;\r\n    font:16px\/1.6 system-ui,-apple-system,Segoe UI,Roboto,Helvetica,Arial,\"Apple Color Emoji\",\"Segoe UI Emoji\";\r\n    color:var(--ink); background:var(--bg);\r\n  }\r\n  .about{\r\n    max-width:1100px; margin:60px auto; padding:0 16px;\r\n  }\r\n  .about-card{\r\n    display:grid; grid-template-columns: 1.1fr 1fr; gap:28px;\r\n    background:var(--card); border-radius:16px; padding:28px;\r\n    box-shadow:0 10px 30px rgba(0,0,0,.06);\r\n  }\r\n  .about img{\r\n    width:100%; height:100%; object-fit:cover; border-radius:12px;\r\n  }\r\n  .about h2{\r\n    margin:6px 0 10px; font-size:32px; line-height:1.2;\r\n  }\r\n  .about p{color:var(--muted); margin:0 0 14px}\r\n  .about .tag{\r\n    display:inline-block; background:#fff1f1; color:var(--brand);\r\n    font-weight:700; font-size:12px; letter-spacing:.4px;\r\n    padding:6px 10px; border-radius:999px;\r\n  }\r\n  .about .cta{\r\n    display:inline-block; margin-top:6px;\r\n    background:var(--brand); color:#fff; text-decoration:none;\r\n    padding:10px 16px; border-radius:10px; font-weight:700;\r\n  }\r\n  \/* Responsive *\/\r\n  @media (max-width:900px){\r\n    .about-card{grid-template-columns:1fr}\r\n    .about{margin:36px auto}\r\n  }\r\n<\/style>\r\n<\/head>\r\n<body>\r\n\r\n<section class=\"about\" aria-labelledby=\"about-title\">\r\n  <div class=\"about-card\">\r\n    <figure>\r\n      <!-- G\u00f6rsel yolunu de\u011fi\u015ftir -->\r\n      <img decoding=\"async\" src=\"\/wp-content\/uploads\/2025\/12\/woman-making-drawings-her-projects-min-scaled.webp\" alt=\"Liva Akademi\u2019de e\u011fitimden bir kare\">\r\n    <\/figure>\r\n\r\n    <div>\r\n      <span class=\"tag\">Liva Academy<\/span>\r\n      <h2 id=\"about-title\">About Us<\/h2>\r\n      <p>\r\n        Liva Academy is a vocational training and personal development course affiliated to the Ministry of National Education that started its journey with the main motto of being present wherever art and aesthetics meet.  It trains its trainees in a total of 12 fields, especially in the main fields of Fashion and Beauty, with the best techniques and equipment in line with the needs of the sector and personal needs.\r\n\r\n      <\/p>\r\n      <h3>Why Liva Academy?<\/h3>\r\n      <p>\r\n        Liva Academy aims to graduate its trainees fully equipped and ready for the sector with a training system based on full learning and abundant practice in every field of education.   In order for all our trainees to be the best at what they do, it is essential that they learn the best techniques and skills in practice from a strong and experienced training staff. After graduation, we offer job opportunities to our graduates through business partners.\r\n\r\n      <\/p>\r\n      <a class=\"cta\" href=\"\/en\/iletisim\/\">Contact us<\/a>\r\n    <\/div>\r\n  <\/div>\r\n<\/section>\r\n\r\n<\/body>\r\n<\/html>\r\n\t\t\t\t<\/div>\n\t\t\t\t\t<\/div>\n\t\t\t\t<\/div>\n\t\t\t\t<\/div>","protected":false},"excerpt":{"rendered":"<p>Liva Akademi | Hakk\u0131m\u0131zda Liva Akademi Hakk\u0131m\u0131zda Liva Akademi, sanat ve esteti\u011fin bulu\u015ftu\u011fu her yerde var olmak ana mottosu ile yolculu\u011funa ba\u015flam\u0131\u015f Milli E\u011fitim Bakanl\u0131\u011f\u0131na ba\u011fl\u0131 bir meslek edindirme ve ki\u015fisel geli\u015fim kursudur. Moda ve G\u00fczellik ana alanlar\u0131 ba\u015fta olmak \u00fczere toplam 12 alanda kursiyerlerini sekt\u00f6r ihtiyac\u0131 ve ki\u015fisel ihtiya\u00e7lar\u0131 do\u011frultusunda en iyi teknik ve [&hellip;]<\/p>\n","protected":false},"author":1,"featured_media":0,"parent":0,"menu_order":0,"comment_status":"closed","ping_status":"closed","template":"","meta":{"footnotes":""},"class_list":["post-885","page","type-page","status-publish","hentry"],"_links":{"self":[{"href":"https:\/\/livaakademi.com\/en\/wp-json\/wp\/v2\/pages\/885","targetHints":{"allow":["GET"]}}],"collection":[{"href":"https:\/\/livaakademi.com\/en\/wp-json\/wp\/v2\/pages"}],"about":[{"href":"https:\/\/livaakademi.com\/en\/wp-json\/wp\/v2\/types\/page"}],"author":[{"embeddable":true,"href":"https:\/\/livaakademi.com\/en\/wp-json\/wp\/v2\/users\/1"}],"replies":[{"embeddable":true,"href":"https:\/\/livaakademi.com\/en\/wp-json\/wp\/v2\/comments?post=885"}],"version-history":[{"count":22,"href":"https:\/\/livaakademi.com\/en\/wp-json\/wp\/v2\/pages\/885\/revisions"}],"predecessor-version":[{"id":1084,"href":"https:\/\/livaakademi.com\/en\/wp-json\/wp\/v2\/pages\/885\/revisions\/1084"}],"wp:attachment":[{"href":"https:\/\/livaakademi.com\/en\/wp-json\/wp\/v2\/media?parent=885"}],"curies":[{"name":"wp","href":"https:\/\/api.w.org\/{rel}","templated":true}]}}